{"id":164,"date":"2018-12-20T08:58:32","date_gmt":"2018-12-20T08:58:32","guid":{"rendered":"https:\/\/demo2wpopal.b-cdn.net\/maisonco\/?page_id=164"},"modified":"2025-07-03T20:07:22","modified_gmt":"2025-07-03T20:07:22","slug":"home-1","status":"publish","type":"page","link":"https:\/\/casento.nl\/","title":{"rendered":"Home 1"},"content":{"rendered":"\t\t<div data-elementor-type=\"wp-post\" data-elementor-id=\"164\" class=\"elementor elementor-164\">\n\t\t\t\t\t\t<section class=\"elementor-section elementor-top-section elementor-element elementor-element-21d2a9c elementor-section-stretched elementor-section-full_width elementor-section-height-min-height elementor-section-height-default elementor-section-items-middle\" data-id=\"21d2a9c\" data-element_type=\"section\" data-settings=\"{&quot;stretch_section&quot;:&quot;section-stretched&quot;}\">\n\t\t\t\t\t\t<div class=\"elementor-container elementor-column-gap-no\">\n\t\t\t\t\t<div class=\"elementor-column elementor-col-100 elementor-top-column elementor-element elementor-element-0012dc7\" data-id=\"0012dc7\" data-element_type=\"column\">\n\t\t\t<div class=\"elementor-widget-wrap elementor-element-populated\">\n\t\t\t\t\t\t<div class=\"elementor-element elementor-element-d212e6a elementor-widget elementor-widget-slider_revolution\" data-id=\"d212e6a\" data-element_type=\"widget\" data-widget_type=\"slider_revolution.default\">\n\t\t\t\t\t\n\t\t<div class=\"wp-block-themepunch-revslider\">\n\t\t\t\t<p class=\"rs-p-wp-fix\"><\/p>\n\t\t\t\t<sr7-module data-alias=\"home1\" data-id=\"1\" id=\"SR7_1_1\" data-version=\"6.7.34\">\n\t\t\t\t\t<sr7-adjuster><\/sr7-adjuster>\n\t\t\t\t\t<sr7-content>\n\t\t\t\t\t\t<sr7-slide id=\"SR7_1_1-1\" data-key=\"1\">\n\t\t\t\t\t\t\t<sr7-bg id=\"SR7_1_1-1-slidebg\" class=\"sr7-layer\"><noscript><img decoding=\"async\" src=\"https:\/\/casento.nl\/wp-content\/uploads\/revslider\/slide-home1-1.jpg\" alt=\"\" title=\"Home 1\"><\/noscript><\/sr7-bg>\n\t\t\t\t\t\t\t<sr7-txt id=\"SR7_1_1-1-1\" class=\"sr7-layer\">Beautiful Spaces In The Best Places<\/sr7-txt>\n\t\t\t\t\t\t\t<sr7-txt id=\"SR7_1_1-1-2\" class=\"sr7-layer\">Convenient Location \u2013 Best Price \n\u2013 2 or 3 Bedroom Apartment.<\/sr7-txt>\n\t\t\t\t\t\t<\/sr7-slide>\n\t\t\t\t\t\t<sr7-slide id=\"SR7_1_1-2\" data-key=\"2\">\n\t\t\t\t\t\t\t<sr7-bg id=\"SR7_1_1-2-slidebg\" class=\"sr7-layer\"><noscript><img decoding=\"async\" src=\"https:\/\/casento.nl\/wp-content\/uploads\/revslider\/slide-home1-2.jpg\" alt=\"\" title=\"Home 1\"><\/noscript><\/sr7-bg>\n\t\t\t\t\t\t\t<sr7-txt id=\"SR7_1_1-2-1\" class=\"sr7-layer\">Smart Living with 5-star services<\/sr7-txt>\n\t\t\t\t\t\t\t<sr7-txt id=\"SR7_1_1-2-2\" class=\"sr7-layer\">Convenient Location \u2013 Best Price \n\u2013 2 or 3 Bedroom Apartment.<\/sr7-txt>\n\t\t\t\t\t\t<\/sr7-slide>\n\t\t\t\t\t\t<sr7-slide id=\"SR7_1_1-6\" data-key=\"6\">\n\t\t\t\t\t\t\t<sr7-txt id=\"SR7_1_1-6-3\" class=\"sr7-layer\">opening hours<\/sr7-txt>\n\t\t\t\t\t\t\t<sr7-txt id=\"SR7_1_1-6-4\" class=\"sr7-layer\">Mon - Fri: 10am - 7pm   \/   Sat: 10am - 5pm   \/   Sun: 1pm - 5pm<\/sr7-txt>\n\t\t\t\t\t\t<\/sr7-slide>\n\t\t\t\t\t<\/sr7-content>\n\t\t\t\t<\/sr7-module>\n\t\t\t\t<script>\n\t\t\t\t\tSR7.PMH ??={}; SR7.PMH[\"SR7_1_1\"] = {cn:100,state:false,fn: function() { if (_tpt!==undefined && _tpt.prepareModuleHeight !== undefined) {  _tpt.prepareModuleHeight({id:\"SR7_1_1\",el:[],type:'standard',shdw:'0',gh:[1020,1020,960,720],gw:[1920,1024,778,480],vpt:['-200px'],size:{fullWidth:true, fullHeight:true},offsetContainer:'',offset:'',mh:'0',onh:0,onw:0,bg:{color:'transparent'},plType:'0',plColor:'#FFFFFF'});   SR7.PMH[\"SR7_1_1\"].state=true;} else if(SR7.PMH[\"SR7_1_1\"].cn-->0)\tsetTimeout( SR7.PMH[\"SR7_1_1\"].fn,19);}};SR7.PMH[\"SR7_1_1\" ].fn();\n\t\t\t\t<\/script>\n<\/div>\n\n\t\t\t\t\t\t<\/div>\n\t\t\t\t\t<\/div>\n\t\t<\/div>\n\t\t\t\t\t<\/div>\n\t\t<\/section>\n\t\t\t\t<section class=\"elementor-section elementor-top-section elementor-element elementor-element-d60b1b2 elementor-section-stretched elementor-section-boxed elementor-section-height-default elementor-section-height-default\" data-id=\"d60b1b2\" data-element_type=\"section\" data-settings=\"{&quot;stretch_section&quot;:&quot;section-stretched&quot;}\">\n\t\t\t\t\t\t<div class=\"elementor-container elementor-column-gap-no\">\n\t\t\t\t\t<div class=\"elementor-column elementor-col-100 elementor-top-column elementor-element elementor-element-198af21\" data-id=\"198af21\" data-element_type=\"column\">\n\t\t\t<div class=\"elementor-widget-wrap elementor-element-populated\">\n\t\t\t\t\t\t<section class=\"elementor-section elementor-inner-section elementor-element elementor-element-f002e27 elementor-section-content-middle elementor-section-boxed elementor-section-height-default elementor-section-height-default\" data-id=\"f002e27\" data-element_type=\"section\">\n\t\t\t\t\t\t<div class=\"elementor-container elementor-column-gap-no\">\n\t\t\t\t\t<div class=\"elementor-column elementor-col-50 elementor-inner-column elementor-element elementor-element-4c813ad animated-fast elementor-invisible\" data-id=\"4c813ad\" data-element_type=\"column\" data-settings=\"{&quot;animation&quot;:&quot;opal-move-right&quot;}\">\n\t\t\t<div class=\"elementor-widget-wrap elementor-element-populated\">\n\t\t\t\t\t\t<div class=\"elementor-element elementor-element-9bd5f5f elementor-widget elementor-widget-heading\" data-id=\"9bd5f5f\" data-element_type=\"widget\" data-widget_type=\"heading.default\">\n\t\t\t\t\t<i aria-hidden=\"true\" class=\"icon_before opal-icon-decor\"><\/i><h2 class=\"elementor-heading-title elementor-size-default\">Persoonlijk. Betrouwbaar. Discreet.<\/h2>\t\t\t\t<\/div>\n\t\t\t\t<div class=\"elementor-element elementor-element-a97c1eb elementor-widget elementor-widget-text-editor\" data-id=\"a97c1eb\" data-element_type=\"widget\" data-widget_type=\"text-editor.default\">\n\t\t\t\t\t\t\t\t\t<p>Uw woning verdient meer dan standaard onderhoud. Bij Casento bieden wij onderhoudscontracten die zijn ontworpen voor comfort, betrouwbaarheid en volledige ontzorging. Geen losse afspraken of wisselende partijen, maar \u00e9\u00e9n vast aanspreekpunt en een team van vertrouwde vakmensen die uw woning \u00e9n installaties kennen.<\/p>\t\t\t\t\t\t\t\t<\/div>\n\t\t\t\t\t<\/div>\n\t\t<\/div>\n\t\t\t\t<div class=\"elementor-column elementor-col-50 elementor-inner-column elementor-element elementor-element-73a9239 animated-fast elementor-invisible\" data-id=\"73a9239\" data-element_type=\"column\" data-settings=\"{&quot;animation&quot;:&quot;opal-scale-up&quot;,&quot;animation_delay&quot;:100}\">\n\t\t\t<div class=\"elementor-widget-wrap elementor-element-populated\">\n\t\t\t\t\t\t<div class=\"elementor-element elementor-element-e727896 elementor-widget__width-initial elementor-widget elementor-widget-image\" data-id=\"e727896\" data-element_type=\"widget\" data-widget_type=\"image.default\">\n\t\t\t\t\t\t\t\t\t\t\t\t\t\t\t<img fetchpriority=\"high\" decoding=\"async\" width=\"1920\" height=\"1020\" src=\"https:\/\/casento.nl\/wp-content\/uploads\/revslider\/slide-home1-1.jpg\" class=\"attachment-full size-full wp-image-3471\" alt=\"\" \/>\t\t\t\t\t\t\t\t\t\t\t\t\t\t\t<\/div>\n\t\t\t\t\t<\/div>\n\t\t<\/div>\n\t\t\t\t\t<\/div>\n\t\t<\/section>\n\t\t\t\t\t<\/div>\n\t\t<\/div>\n\t\t\t\t\t<\/div>\n\t\t<\/section>\n\t\t\t\t<section class=\"elementor-section elementor-top-section elementor-element elementor-element-8cb8974 elementor-section-stretched elementor-section-boxed elementor-section-height-default elementor-section-height-default\" data-id=\"8cb8974\" data-element_type=\"section\" data-settings=\"{&quot;stretch_section&quot;:&quot;section-stretched&quot;}\">\n\t\t\t\t\t\t<div class=\"elementor-container elementor-column-gap-no\">\n\t\t\t\t\t<div class=\"elementor-column elementor-col-100 elementor-top-column elementor-element elementor-element-5ad7a0f\" data-id=\"5ad7a0f\" data-element_type=\"column\">\n\t\t\t<div class=\"elementor-widget-wrap elementor-element-populated\">\n\t\t\t\t\t\t<section class=\"elementor-section elementor-inner-section elementor-element elementor-element-b8e078d elementor-section-content-middle elementor-section-boxed elementor-section-height-default elementor-section-height-default\" data-id=\"b8e078d\" data-element_type=\"section\">\n\t\t\t\t\t\t<div class=\"elementor-container elementor-column-gap-no\">\n\t\t\t\t\t<div class=\"elementor-column elementor-col-50 elementor-inner-column elementor-element elementor-element-0eae15d animated-fast elementor-invisible\" data-id=\"0eae15d\" data-element_type=\"column\" data-settings=\"{&quot;animation&quot;:&quot;opal-move-right&quot;}\">\n\t\t\t<div class=\"elementor-widget-wrap elementor-element-populated\">\n\t\t\t\t\t\t<div class=\"elementor-element elementor-element-d76a9d3 elementor-widget__width-initial elementor-widget elementor-widget-image\" data-id=\"d76a9d3\" data-element_type=\"widget\" data-widget_type=\"image.default\">\n\t\t\t\t\t\t\t\t\t\t\t\t\t\t\t<img decoding=\"async\" width=\"640\" height=\"460\" src=\"https:\/\/casento.nl\/wp-content\/uploads\/2019\/11\/residence_img5.jpg\" class=\"attachment-full size-full wp-image-1697\" alt=\"\" srcset=\"https:\/\/casento.nl\/wp-content\/uploads\/2019\/11\/residence_img5.jpg 640w, https:\/\/casento.nl\/wp-content\/uploads\/2019\/11\/residence_img5-300x216.jpg 300w, https:\/\/casento.nl\/wp-content\/uploads\/2019\/11\/residence_img5-400x288.jpg 400w\" sizes=\"(max-width: 640px) 100vw, 640px\" \/>\t\t\t\t\t\t\t\t\t\t\t\t\t\t\t<\/div>\n\t\t\t\t\t<\/div>\n\t\t<\/div>\n\t\t\t\t<div class=\"elementor-column elementor-col-50 elementor-inner-column elementor-element elementor-element-5af8c5c animated-fast elementor-invisible\" data-id=\"5af8c5c\" data-element_type=\"column\" data-settings=\"{&quot;animation&quot;:&quot;opal-scale-up&quot;,&quot;animation_delay&quot;:100}\">\n\t\t\t<div class=\"elementor-widget-wrap elementor-element-populated\">\n\t\t\t\t\t\t<div class=\"elementor-element elementor-element-a87c243 elementor-widget elementor-widget-heading\" data-id=\"a87c243\" data-element_type=\"widget\" data-widget_type=\"heading.default\">\n\t\t\t\t\t<i aria-hidden=\"true\" class=\"icon_before opal-icon-decor\"><\/i><h2 class=\"elementor-heading-title elementor-size-default\">Snelle actie bij incidenten<\/h2>\t\t\t\t<\/div>\n\t\t\t\t<div class=\"elementor-element elementor-element-115de16 elementor-widget elementor-widget-text-editor\" data-id=\"115de16\" data-element_type=\"widget\" data-widget_type=\"text-editor.default\">\n\t\t\t\t\t\t\t\t\t<p>Gebeurt er iets onverwachts? Met een onderhoudscontract van Casento bent u verzekerd van snelle opvolging door vakbekwame professionals. U hoeft niet te zoeken, te wachten of te onderhandelen \u2014 wij lossen het op.<\/p>\t\t\t\t\t\t\t\t<\/div>\n\t\t\t\t\t<\/div>\n\t\t<\/div>\n\t\t\t\t\t<\/div>\n\t\t<\/section>\n\t\t\t\t\t<\/div>\n\t\t<\/div>\n\t\t\t\t\t<\/div>\n\t\t<\/section>\n\t\t\t\t<section class=\"elementor-section elementor-top-section elementor-element elementor-element-bb1cf9e elementor-section-stretched elementor-section-boxed elementor-section-height-default elementor-section-height-default\" data-id=\"bb1cf9e\" data-element_type=\"section\" data-settings=\"{&quot;stretch_section&quot;:&quot;section-stretched&quot;,&quot;background_background&quot;:&quot;classic&quot;}\">\n\t\t\t\t\t\t<div class=\"elementor-container elementor-column-gap-no\">\n\t\t\t\t\t<div class=\"elementor-column elementor-col-100 elementor-top-column elementor-element elementor-element-6b41075\" data-id=\"6b41075\" data-element_type=\"column\" data-settings=\"{&quot;background_background&quot;:&quot;classic&quot;}\">\n\t\t\t<div class=\"elementor-widget-wrap elementor-element-populated\">\n\t\t\t\t\t\t<section class=\"elementor-section elementor-inner-section elementor-element elementor-element-747270d elementor-section-boxed elementor-section-height-default elementor-section-height-default\" data-id=\"747270d\" data-element_type=\"section\">\n\t\t\t\t\t\t<div class=\"elementor-container elementor-column-gap-no\">\n\t\t\t\t\t<div class=\"elementor-column elementor-col-33 elementor-inner-column elementor-element elementor-element-12001c2 animated-fast elementor-invisible\" data-id=\"12001c2\" data-element_type=\"column\" data-settings=\"{&quot;animation&quot;:&quot;opal-move-up&quot;,&quot;animation_delay&quot;:100}\">\n\t\t\t<div class=\"elementor-widget-wrap elementor-element-populated\">\n\t\t\t\t\t\t<div class=\"elementor-element elementor-element-d2b03b6 featured-box-wrapper-transform-move-up elementor-widget elementor-widget-featured-box\" data-id=\"d2b03b6\" data-element_type=\"widget\" data-widget_type=\"featured-box.default\">\n\t\t\t\t<div class=\"elementor-widget-container\">\n\t\t\t\t\t<div class=\"elementor-featured-box-wrapper\"><div class=\"elementor-featured-box-top\"><div class=\"elementor-featured-box-icon\"><\/div><h3 class=\"elementor-featured-box-title\">Normale tarieven, exclusieve service<\/h3><\/div><div class=\"elementor-featured-box-bottom\"><p class=\"elementor-featured-box-description\">Onze klanten profiteren van normale tarieven voor regulier onderhoud, zonder concessies aan service of kwaliteit. Wij werken uitsluitend met ervaren vakmensen die zorgvuldig en discreet te werk gaan.<\/p><\/div><\/div>\t\t\t\t<\/div>\n\t\t\t\t<\/div>\n\t\t\t\t\t<\/div>\n\t\t<\/div>\n\t\t\t\t<div class=\"elementor-column elementor-col-33 elementor-inner-column elementor-element elementor-element-4774e50 animated-fast elementor-invisible\" data-id=\"4774e50\" data-element_type=\"column\" data-settings=\"{&quot;animation&quot;:&quot;opal-move-up&quot;,&quot;animation_delay&quot;:200}\">\n\t\t\t<div class=\"elementor-widget-wrap elementor-element-populated\">\n\t\t\t\t\t\t<div class=\"elementor-element elementor-element-7cf56bd featured-box-wrapper-transform-move-up elementor-widget elementor-widget-featured-box\" data-id=\"7cf56bd\" data-element_type=\"widget\" data-widget_type=\"featured-box.default\">\n\t\t\t\t<div class=\"elementor-widget-container\">\n\t\t\t\t\t<div class=\"elementor-featured-box-wrapper\"><div class=\"elementor-featured-box-top\"><div class=\"elementor-featured-box-icon\"><\/div><h3 class=\"elementor-featured-box-title\">Gespecialiseerd zwembadonderhoud<\/h3><\/div><div class=\"elementor-featured-box-bottom\"><p class=\"elementor-featured-box-description\">Heeft u een zwembad? Dan bieden wij een aanvullend onderhoudscontract, specifiek gericht op waterkwaliteit, technische installaties en periodiek onderhoud. Ook hiervoor geldt: helder advies, snelle actie, \u00e9\u00e9n vast team.<\/p><\/div><\/div>\t\t\t\t<\/div>\n\t\t\t\t<\/div>\n\t\t\t\t\t<\/div>\n\t\t<\/div>\n\t\t\t\t<div class=\"elementor-column elementor-col-33 elementor-inner-column elementor-element elementor-element-f497639 animated-fast elementor-invisible\" data-id=\"f497639\" data-element_type=\"column\" data-settings=\"{&quot;animation&quot;:&quot;opal-move-up&quot;,&quot;animation_delay&quot;:300}\">\n\t\t\t<div class=\"elementor-widget-wrap elementor-element-populated\">\n\t\t\t\t\t\t<div class=\"elementor-element elementor-element-75fffff featured-box-wrapper-transform-move-up elementor-widget elementor-widget-featured-box\" data-id=\"75fffff\" data-element_type=\"widget\" data-widget_type=\"featured-box.default\">\n\t\t\t\t<div class=\"elementor-widget-container\">\n\t\t\t\t\t<div class=\"elementor-featured-box-wrapper\"><div class=\"elementor-featured-box-top\"><div class=\"elementor-featured-box-icon\"><\/div><h3 class=\"elementor-featured-box-title\">Beperkt aantal klanten per regio<\/h3><\/div><div class=\"elementor-featured-box-bottom\"><p class=\"elementor-featured-box-description\">Casento kiest bewust voor exclusiviteit. Wij werken voor een beperkt aantal klanten per regio, zodat we altijd snel kunnen schakelen en de persoonlijke service kunnen garanderen die u van ons mag verwachten.<\/p><\/div><\/div>\t\t\t\t<\/div>\n\t\t\t\t<\/div>\n\t\t\t\t\t<\/div>\n\t\t<\/div>\n\t\t\t\t\t<\/div>\n\t\t<\/section>\n\t\t\t\t\t<\/div>\n\t\t<\/div>\n\t\t\t\t\t<\/div>\n\t\t<\/section>\n\t\t\t\t<section class=\"elementor-section elementor-top-section elementor-element elementor-element-859fecc elementor-section-stretched elementor-section-boxed elementor-section-height-default elementor-section-height-default\" data-id=\"859fecc\" data-element_type=\"section\" data-settings=\"{&quot;stretch_section&quot;:&quot;section-stretched&quot;,&quot;background_background&quot;:&quot;classic&quot;}\">\n\t\t\t\t\t\t<div class=\"elementor-container elementor-column-gap-no\">\n\t\t\t\t\t<div class=\"elementor-column elementor-col-100 elementor-top-column elementor-element elementor-element-391b343\" data-id=\"391b343\" data-element_type=\"column\">\n\t\t\t<div class=\"elementor-widget-wrap elementor-element-populated\">\n\t\t\t\t\t\t<div class=\"elementor-element elementor-element-9cb3b24 elementor-heading__align-center animated-fast elementor-invisible elementor-widget elementor-widget-heading\" data-id=\"9cb3b24\" data-element_type=\"widget\" data-settings=\"{&quot;_animation&quot;:&quot;opal-move-up&quot;}\" data-widget_type=\"heading.default\">\n\t\t\t\t\t<h2 class=\"elementor-heading-title elementor-size-default\">Laat het onderhoud aan ons over<\/h2>\t\t\t\t<\/div>\n\t\t\t\t<div class=\"elementor-element elementor-element-19bc57a elementor-widget elementor-widget-text-editor\" data-id=\"19bc57a\" data-element_type=\"widget\" data-widget_type=\"text-editor.default\">\n\t\t\t\t\t\t\t\t\t<h3 align=\"center\">Word klant en ervaar het gemak van echt ontzorgd wonen.<\/h3>\n<h3 align=\"center\">Of het nu gaat om preventief woningonderhoud, technische ondersteuning of complete zorg voor uw zwembad: Casento staat voor rust, vertrouwen en discretie.<\/h3>\t\t\t\t\t\t\t\t<\/div>\n\t\t\t\t<div class=\"elementor-element elementor-element-a4eb6cd elementor-align-center animated-fast elementor-invisible elementor-widget elementor-widget-button\" data-id=\"a4eb6cd\" data-element_type=\"widget\" data-settings=\"{&quot;_animation&quot;:&quot;opal-scale-up&quot;,&quot;_animation_delay&quot;:200}\" data-widget_type=\"button.default\">\n\t\t\t\t\t        <div class=\"elementor-button-wrapper\">\n            <a href=\"contact\" class=\"elementor-button-link elementor-button elementor-size-lg\" role=\"button\">\n                \t\t<span class=\"elementor-button-content-wrapper\">\n\t\t\t\t\t\t\t\t\t<span class=\"elementor-button-text\">Neem contact met ons op<\/span>\n\t\t\t\t\t<\/span>\n\t\t            <\/a>\n        <\/div>\n        \t\t\t\t<\/div>\n\t\t\t\t\t<\/div>\n\t\t<\/div>\n\t\t\t\t\t<\/div>\n\t\t<\/section>\n\t\t\t\t<section class=\"elementor-section elementor-top-section elementor-element elementor-element-f33b5ab elementor-section-stretched elementor-section-boxed elementor-section-height-default elementor-section-height-default\" data-id=\"f33b5ab\" data-element_type=\"section\" data-settings=\"{&quot;stretch_section&quot;:&quot;section-stretched&quot;,&quot;background_background&quot;:&quot;classic&quot;}\">\n\t\t\t\t\t\t<div class=\"elementor-container elementor-column-gap-no\">\n\t\t\t\t\t<div class=\"elementor-column elementor-col-100 elementor-top-column elementor-element elementor-element-f137274\" data-id=\"f137274\" data-element_type=\"column\">\n\t\t\t<div class=\"elementor-widget-wrap\">\n\t\t\t\t\t\t\t<\/div>\n\t\t<\/div>\n\t\t\t\t\t<\/div>\n\t\t<\/section>\n\t\t\t\t<\/div>\n\t\t","protected":false},"excerpt":{"rendered":"<p>Persoonlijk. Betrouwbaar. Discreet. Uw woning verdient meer dan standaard onderhoud. Bij Casento bieden wij onderhoudscontracten die zijn ontworpen voor comfort, betrouwbaarheid en volledige ontzorging. Geen losse afspraken of wisselende partijen, maar \u00e9\u00e9n vast aanspreekpunt en een team van vertrouwde vakmensen die uw woning \u00e9n installaties kennen. Snelle actie bij incidenten Gebeurt er iets onverwachts? Met &hellip; <\/p>\n<p class=\"link-more\"><a href=\"https:\/\/casento.nl\/\" class=\"more-link\">Read More <span class=\"screen-reader-text\"> &#8220;Home 1&#8221;<\/span><\/a><\/p>\n","protected":false},"author":1,"featured_media":0,"parent":0,"menu_order":0,"comment_status":"closed","ping_status":"closed","template":"","meta":{"footnotes":""},"class_list":["post-164","page","type-page","status-publish","hentry"],"_links":{"self":[{"href":"https:\/\/casento.nl\/index.php\/wp-json\/wp\/v2\/pages\/164","targetHints":{"allow":["GET"]}}],"collection":[{"href":"https:\/\/casento.nl\/index.php\/wp-json\/wp\/v2\/pages"}],"about":[{"href":"https:\/\/casento.nl\/index.php\/wp-json\/wp\/v2\/types\/page"}],"author":[{"embeddable":true,"href":"https:\/\/casento.nl\/index.php\/wp-json\/wp\/v2\/users\/1"}],"replies":[{"embeddable":true,"href":"https:\/\/casento.nl\/index.php\/wp-json\/wp\/v2\/comments?post=164"}],"version-history":[{"count":12,"href":"https:\/\/casento.nl\/index.php\/wp-json\/wp\/v2\/pages\/164\/revisions"}],"predecessor-version":[{"id":3512,"href":"https:\/\/casento.nl\/index.php\/wp-json\/wp\/v2\/pages\/164\/revisions\/3512"}],"wp:attachment":[{"href":"https:\/\/casento.nl\/index.php\/wp-json\/wp\/v2\/media?parent=164"}],"curies":[{"name":"wp","href":"https:\/\/api.w.org\/{rel}","templated":true}]}}